{"id":2469,"date":"2022-12-10T17:59:46","date_gmt":"2022-12-10T17:59:46","guid":{"rendered":"https:\/\/mseventy.com\/privacy-policy\/"},"modified":"2022-12-29T11:10:27","modified_gmt":"2022-12-29T11:10:27","slug":"privacy-policy","status":"publish","type":"page","link":"https:\/\/mseventy.com\/en\/privacy-policy\/","title":{"rendered":"Privacy Policy"},"content":{"rendered":"<p>[vc_row content_placement=&#8221;top&#8221; css=&#8221;.vc_custom_1672312224333{padding-top: 100px !important;padding-right: 8.5% !important;padding-bottom: 80px !important;padding-left: 8.5% !important;}&#8221;][vc_column]<div class=\"eltdf-elements-holder   eltdf-two-columns  eltdf-responsive-mode-1024 eltdf-one-column-alignment-center\" ><div class=\"eltdf-eh-item   eltdf-horizontal-alignment-center \"  data-item-class=\"eltdf-eh-custom-7498\" data-1400-1600=\"0 60px 0 0\" data-1025-1399=\"0 27px 0 0\" data-769-1024=\"0 212px\" data-681-768=\"0 120px\" data-680=\"0 0 0 0\">\n\t<div class=\"eltdf-eh-item-inner\">\n\t\t<div class=\"eltdf-eh-item-content eltdf-eh-custom-7498\" style=\"padding: 0 73px 0 73px\">\n\t\t\t[vc_column_text]<\/p>\n<div class=\"post-title\">\n<h1 style=\"text-align: left;\">Privacy Policy<\/h1>\n<\/div>\n<div class=\"post-body\">\n<h4 style=\"text-align: left;\">Privacy policy statement<\/h4>\n<p style=\"text-align: left;\">La presente informativa \u00e8 resa ai sensi dell\u2019art. 13 Regolamento UE 2016\/ per la protezione dei dati personali.<\/p>\n<p style=\"text-align: left;\">Il titolare del trattamento M.Seventy Srl Via Medici 13 | 20123 Milano C.F. e P.Iva 02579501202<\/p>\n<p><a href=\"mailto:mseventy@pec.it\">mseventy@pec.it<\/a><\/p>\n<p style=\"text-align: left;\">DPO (Data Protection Officer) Il titolare ha individuato e nominato il Data Protection Officer, come previsto dall\u2019 Art 37 del regolamento europeo dalla protezione dei dati personali UE 2016\/679, ed in particolar modo come previsto dal paragrafo 6, la societ\u00e0 S.Schmidt Consulting Srls, con sede in via D. Creti 69\/2f Bologna contattabile via mail all\u2019indirizzo dpo@schmidtconsulting.it.<\/p>\n<p style=\"text-align: left;\">Natura del conferimento Il conferimento dei dati \u00e8 facoltativo. Il rifiuto a fornire i dati comporta l&#8217;impossibilit\u00e0 di essere ricontattati. Il conferimento a fini di marketing \u00e8 facoltativo e non comporta l\u2019impossibilit\u00e0 di partecipare al concorso.<\/p>\n<p style=\"text-align: left;\">Finalit\u00e0 del trattamento<\/p>\n<ul style=\"text-align: left;\">\n<li>essere ricontatti per le vostre richieste inserite nel form di contatti;<\/li>\n<li>adempimento di obblighi previsti dalla legge, da regolamenti o dalla normativa comunitaria;<\/li>\n<li>attivit\u00e0 funzionali al marketing quali, in via esplicativa ma non esaustiva, l\u2019invio di newsletter; l\u2019invio di materiale formativo ed informativo; l\u2019invio di materiale di marketing tramite mail, newsletter, posta cartacea, sms, mms e nuove piattaforme di comunicazione come ad esempio, in via esplicativa ma non esaustiva, WhatsApp, Twitter, Facebook, Viber, Telegram, Skype<\/li>\n<\/ul>\n<p style=\"text-align: left;\">In merito alle finalit\u00e0 sub a) e b), La informiamo che il trattamento e la comunicazione dei Suoi dati personali da parte del titolare non necessita del Suo consenso in quanto trattamento necessario per l\u2019esecuzione di obblighi derivanti dal contratto stesso e\/o per l\u2019esecuzione di prestazioni da Lei richieste prima della conclusione del contratto nonch\u00e9 per ottemperare ad obblighi di legge.<\/p>\n<p style=\"text-align: left;\">Per quanto concerne la finalit\u00e0 C indicata, ciascun Interessato ha diritto di rifiutare al titolare, in qualsiasi momento, il proprio consenso al trattamento, senza che questo comporti conseguenze pregiudizievoli nel rapporto contrattuale e\/o per l\u2019esecuzione di prestazioni da Lei richieste prima della conclusione del contratto stesso.<\/p>\n<p style=\"text-align: left;\">Modalit\u00e0 per il trattamento dei dati I dati raccolti sono trattati con strumenti informatici. Idonee misure di sicurezza sono osservate per prevenire la perdita dei dati, usi illeciti o non corretti ed accessi non autorizzati.<\/p>\n<p style=\"text-align: left;\">Chi tratta i tuoi dati I trattamenti di dati personali hanno luogo presso la predetta sede e sono curati da personale incaricato.<\/p>\n<p style=\"text-align: left;\">Periodo di conservazione dei tuoi dati. I dati inerenti le attivit\u00e0 di marketing saranno conservati fino alla richiesta di cancellazione da parte dell\u2019interessato. I dati personali trattati per finalit\u00e0 contrattuali o economiche saranno trattati per i tempi obbligatori previsti dalle leggi di competenza.<\/p>\n<p style=\"text-align: left;\">Reclamo \u00c8 fatto salvo il diritto dell\u2019interessato di proporre reclamo a autorit\u00e0 di controllo.<\/p>\n<p style=\"text-align: left;\">Diritti degli interessati ex art 15 UE 2016\/679 I soggetti cui si riferiscono i dati personali hanno il diritto di essere a conoscenza se sia in corso o meno un trattamento di dati personali riferiti a loro, e ne caso di ottenere informazioni riguardante:<\/p>\n<ul style=\"text-align: left;\">\n<li>le finalit\u00e0 del trattamento<\/li>\n<li>le categorie dei dati in questione<\/li>\n<li>i destinatari o le categorie di destinatari a cui i dati personali sono stati o saranno comunicati, in particolare se destinatari di paesi terzi o organizzazioni internazionali;<\/li>\n<li>quando possibile, il periodo di conservazione dei dati personali previsto oppure, se non \u00e8 possibile, i criteri utilizzati per determinare tale periodo;<\/li>\n<li>l&#8217;esistenza del diritto dell&#8217;interessato di chiedere al titolare del trattamento la rettifica o la cancellazione dei dati personali o la limitazione del trattamento dei dati personali che lo riguardano o di opporsi al loro trattamento;<\/li>\n<li>il diritto di proporre reclamo a un&#8217;autorit\u00e0 di controllo;<\/li>\n<li>qualora i dati non siano raccolti presso l&#8217;interessato, tutte le informazioni disponibili sulla loro origine;<\/li>\n<li>l&#8217;esistenza di un processo decisionale automatizzato, compresa la profilazione di cui all&#8217;articolo 22, paragrafi 1 e 4, e, almeno in tali casi, informazioni significative sulla logica utilizzata, nonch\u00e9 l&#8217;importanza e le conseguenze previste di tale trattamento per l&#8217;interessato.<\/li>\n<\/ul>\n<p style=\"text-align: left;\">Le richieste vanno rivolte via e-mail, all&#8217;indirizzo: <a href=\"mailto:mseventy@pec.it\">mseventy@pec.it<\/a><\/p>\n<h4 style=\"text-align: left;\">LA PRIVACY POLICY DI QUESTO SITO<\/h4>\n<p style=\"text-align: left;\">PERCHE&#8217; QUESTO AVVISO<\/p>\n<p style=\"text-align: left;\">In questa pagina si descrivono le modalit\u00e0 di gestione del sito in riferimento al trattamento dei dati personali degli utenti che lo consultano.<\/p>\n<p style=\"text-align: left;\">Si tratta di un\u2019informativa che \u00e8 resa anche ai sensi dell&#8217;art. 13 del Regolamento UE 2016\/679 per la protezione dei dati personali a coloro che interagiscono con i servizi web per via telematica degli indirizzi:<\/p>\n<p style=\"text-align: left;\">https:\/\/www.whiteshow.com<br \/>\nhttps:\/\/www.wsm-white.com<\/p>\n<p style=\"text-align: left;\">L&#8217;informativa \u00e8 resa solo per i siti sopra menzionati e non anche per altri siti web eventualmente consultati dall&#8217;utente tramite link.<\/p>\n<p style=\"text-align: left;\">IL &#8220;TITOLARE&#8221; DEL TRATTAMENTO<\/p>\n<p style=\"text-align: left;\">A seguito della consultazione di questo sito possono essere trattati dati relativi a persone identificate o identificabili.<\/p>\n<p style=\"text-align: left;\">M.Seventy Srl Via Tortona 27, c\/o Superstudio 20144 Milano C.F. e P.Iva 02579501202 mseventy@pec.it<\/p>\n<p style=\"text-align: left;\">DPO (Data Protection Officer) Il titolare ha individuato e nominato il Data Protection Officer, come previsto dall\u2019 Art 37 del regolamento europeo dalla protezione dei dati personali UE 2016\/679, ed in particolar modo come previsto dal paragrafo 6, la societ\u00e0 S.Schmidt Consulting Srls, con sede in via D. Creti 69\/2f Bologna contattabile via mail all\u2019indirizzo dpo@schmidtconsulting.it.<\/p>\n<p style=\"text-align: left;\">FINALIT\u00c0 DEL TRATTAMENTO DEI DATI I dati sono trattai per questioni tecniche di navigazione come meglio specificato al punto \u201cTipi di dati Trattati\u201d I dati personali richiesti in eventuali form ci contatti o con altri sistemi similari sono regolamentati da apposite informative.<\/p>\n<p style=\"text-align: left;\">LUOGO DI TRATTAMENTO DEI DATI<\/p>\n<p style=\"text-align: left;\">I trattamenti connessi ai servizi web di questo sito hanno luogo presso la sede del Titolare e le sue sedi secondarie e sono curati solo da personale tecnico dell&#8217;Ufficio incaricato del trattamento.<\/p>\n<p style=\"text-align: left;\">TIPI DI DATI TRATTATI<\/p>\n<p style=\"text-align: left;\">Dati di navigazione I sistemi informatici e le procedure software preposte al funzionamento di questo sito web acquisiscono, nel corso del loro normale esercizio, alcuni dati personali la cui trasmissione \u00e8 implicita nell&#8217;uso dei protocolli di comunicazione di Internet.<\/p>\n<p style=\"text-align: left;\">Si tratta di informazioni che non sono raccolte per essere associate a interessati identificati, ma che per loro stessa natura potrebbero, attraverso elaborazioni ed associazioni con dati detenuti da terzi, permettere di identificare gli utenti.<\/p>\n<p style=\"text-align: left;\">In questa categoria di dati rientrano gli indirizzi IP o i nomi a dominio dei computer utilizzati dagli utenti che si connettono al sito, gli indirizzi in notazione URI (Uniform Resource Identifier) delle risorse richieste, l&#8217;orario della richiesta, il metodo utilizzato nel sottoporre la richiesta al server, la dimensione del file ottenuto in risposta, il codice numerico indicante lo stato della risposta data dal server (buon fine, errore, ecc.) ed altri parametri relativi al sistema operativo e all&#8217;ambiente informatico dell&#8217;utente.<\/p>\n<p style=\"text-align: left;\">Questi dati vengono utilizzati al solo fine di ricavare informazioni statistiche anonime sull&#8217;uso del sito e per controllarne il corretto funzionamento e vengono cancellati immediatamente dopo l&#8217;elaborazione. I dati potrebbero essere utilizzati per l&#8217;accertamento di responsabilit\u00e0 in caso di ipotetici reati informatici ai danni del sito: salva questa eventualit\u00e0, allo stato i dati sui contatti web non persistono per pi\u00f9 di sette giorni.<\/p>\n<p style=\"text-align: left;\">Dati forniti volontariamente dall&#8217;utente L&#8217;invio facoltativo, esplicito e volontario di posta elettronica agli indirizzi indicati su questo sito comporta la successiva acquisizione dell&#8217;indirizzo del mittente, necessario per rispondere alle richieste, nonch\u00e9 degli eventuali altri dati personali inseriti nella missiva.<\/p>\n<p style=\"text-align: left;\">Specifiche informative di sintesi verranno progressivamente riportate o visualizzate nelle pagine del sito predisposte per particolari servizi a richiesta.<\/p>\n<p style=\"text-align: left;\">FACOLTATIVITA&#8217; DEL CONFERIMENTO DEI DATI<\/p>\n<p style=\"text-align: left;\">A parte quanto specificato per i dati di navigazione, l&#8217;utente \u00e8 libero di fornire i dati personali riportati nei moduli di richiesta presenti sui siti o comunque indicati in contatti con le strutture per sollecitare l&#8217;invio della newsletter, di materiale informativo o di altre comunicazioni.<\/p>\n<p style=\"text-align: left;\">Il loro mancato conferimento pu\u00f2 comportare l&#8217;impossibilit\u00e0 di ottenere quanto richiesto.<\/p>\n<p style=\"text-align: left;\">MODALITA&#8217; DEL TRATTAMENTO<\/p>\n<p style=\"text-align: left;\">I dati personali sono trattati con strumenti automatizzati per il tempo strettamente necessario a conseguire gli scopi per cui sono stati raccolti.<\/p>\n<p style=\"text-align: left;\">Specifiche misure di sicurezza sono osservate per prevenire la perdita dei dati, usi illeciti o non corretti ed accessi non autorizzati.<\/p>\n<p style=\"text-align: left;\">PERIODO DI CONSERVAZIONE DEI DATI I dati personali sono trattati con strumenti automatizzati per il tempo strettamente necessario a conseguire gli scopi per cui sono stati raccolti.<\/p>\n<p style=\"text-align: left;\">DIRITTI DEGLI INTERESSATI<\/p>\n<p style=\"text-align: left;\">Diritti degli interessati ex art 15 UE 2016\/679 I soggetti cui si riferiscono i dati personali hanno il diritto di essere a conoscenza se sia in corso o meno un trattamento di dati personali riferiti a loro, e ne caso di ottenere informazioni riguardante: \u2022 le finalit\u00e0 del trattamento \u2022 le categorie dei dati in questione \u2022 i destinatari o le categorie di destinatari a cui i dati personali sono stati o saranno comunicati, in particolare se destinatari di paesi terzi o organizzazioni internazionali; \u2022 quando possibile, il periodo di conservazione dei dati personali previsto oppure, se non \u00e8 possibile, i criteri utilizzati per determinare tale periodo; \u2022 l&#8217;esistenza del diritto dell&#8217;interessato di chiedere al titolare del trattamento la rettifica o la cancellazione dei dati personali o la limitazione del trattamento dei dati personali che lo riguardano o di opporsi al loro trattamento; \u2022 il diritto di proporre reclamo a un&#8217;autorit\u00e0 di controllo; \u2022 qualora i dati non siano raccolti presso l&#8217;interessato, tutte le informazioni disponibili sulla loro origine; \u2022 l&#8217;esistenza di un processo decisionale automatizzato, compresa la profilazione di cui all&#8217;articolo 22, paragrafi 1 e 4, e, almeno in tali casi, informazioni significative sulla logica utilizzata, nonch\u00e9 l&#8217;importanza e le conseguenze previste di tale trattamento per l&#8217;interessato.<\/p>\n<p style=\"text-align: left;\">Le richieste vanno rivolte:<\/p>\n<p style=\"text-align: left;\">Il titolare del trattamento dei dati raccolti \u00e8 M.Seventy Srl Via Medici 13 | 20123 Milano C.F. e P.Iva 02579501202 mseventy@pec.it<\/p>\n<\/div>\n<p>[\/vc_column_text]\t\t<\/div>\n\t<\/div>\n<\/div><\/div>[\/vc_column][\/vc_row]<\/p>\n","protected":false},"excerpt":{"rendered":"<p>[vc_row content_placement=&#8221;top&#8221; css=&#8221;.vc_custom_1672312224333{padding-top: 100px !important;padding-right: 8.5% !important;padding-bottom: 80px !important;padding-left: 8.5% !important;}&#8221;][vc_column][\/vc_column][\/vc_row]<\/p>\n","protected":false},"author":1,"featured_media":0,"parent":0,"menu_order":0,"comment_status":"closed","ping_status":"closed","template":"full-width.php","meta":{"footnotes":""},"class_list":["post-2469","page","type-page","status-publish","hentry"],"_links":{"self":[{"href":"https:\/\/mseventy.com\/en\/wp-json\/wp\/v2\/pages\/2469","targetHints":{"allow":["GET"]}}],"collection":[{"href":"https:\/\/mseventy.com\/en\/wp-json\/wp\/v2\/pages"}],"about":[{"href":"https:\/\/mseventy.com\/en\/wp-json\/wp\/v2\/types\/page"}],"author":[{"embeddable":true,"href":"https:\/\/mseventy.com\/en\/wp-json\/wp\/v2\/users\/1"}],"replies":[{"embeddable":true,"href":"https:\/\/mseventy.com\/en\/wp-json\/wp\/v2\/comments?post=2469"}],"version-history":[{"count":3,"href":"https:\/\/mseventy.com\/en\/wp-json\/wp\/v2\/pages\/2469\/revisions"}],"predecessor-version":[{"id":2733,"href":"https:\/\/mseventy.com\/en\/wp-json\/wp\/v2\/pages\/2469\/revisions\/2733"}],"wp:attachment":[{"href":"https:\/\/mseventy.com\/en\/wp-json\/wp\/v2\/media?parent=2469"}],"curies":[{"name":"wp","href":"https:\/\/api.w.org\/{rel}","templated":true}]}}